{"id":1623,"date":"2022-11-22T11:27:14","date_gmt":"2022-11-22T16:27:14","guid":{"rendered":"https:\/\/garageamusique.org\/donate\/"},"modified":"2022-12-08T11:10:48","modified_gmt":"2022-12-08T16:10:48","slug":"donate","status":"publish","type":"page","link":"https:\/\/garageamusique.org\/en\/donate\/","title":{"rendered":"Donate"},"content":{"rendered":"\t\t<div data-elementor-type=\"wp-page\" data-elementor-id=\"1623\" class=\"elementor elementor-1623 elementor-880\" data-elementor-post-type=\"page\">\n\t\t\t\t\t\t<section class=\"elementor-section elementor-top-section elementor-element elementor-element-75d2e22e bg-multiply elementor-section-boxed elementor-section-height-default elementor-section-height-default\" data-id=\"75d2e22e\" data-element_type=\"section\" data-e-type=\"section\" data-settings=\"{&quot;background_background&quot;:&quot;classic&quot;}\">\n\t\t\t\t\t\t<div class=\"elementor-container elementor-column-gap-default\">\n\t\t\t\t\t<div class=\"elementor-column elementor-col-50 elementor-top-column elementor-element elementor-element-4089a668\" data-id=\"4089a668\" data-element_type=\"column\" data-e-type=\"column\">\n\t\t\t<div class=\"elementor-widget-wrap elementor-element-populated\">\n\t\t\t\t\t\t<div class=\"elementor-element elementor-element-10ee2203 elementor-widget-divider--view-line elementor-widget elementor-widget-divider\" data-id=\"10ee2203\" data-element_type=\"widget\" data-e-type=\"widget\" data-widget_type=\"divider.default\">\n\t\t\t\t<div class=\"elementor-widget-container\">\n\t\t\t\t\t\t\t<div class=\"elementor-divider\">\n\t\t\t<span class=\"elementor-divider-separator\">\n\t\t\t\t\t\t<\/span>\n\t\t<\/div>\n\t\t\t\t\t\t<\/div>\n\t\t\t\t<\/div>\n\t\t\t\t<div class=\"elementor-element elementor-element-1b5538d9 elementor-widget__width-initial elementor-widget elementor-widget-heading\" data-id=\"1b5538d9\" data-element_type=\"widget\" data-e-type=\"widget\" data-widget_type=\"heading.default\">\n\t\t\t\t<div class=\"elementor-widget-container\">\n\t\t\t\t\t<h3 class=\"elementor-heading-title elementor-size-default\">With your donations, we can obtain and maintain the human and material resources we need to continue to <span>care for, equip and coach over 700 children a week<\/span>. <\/h3>\t\t\t\t<\/div>\n\t\t\t\t<\/div>\n\t\t\t\t<div class=\"elementor-element elementor-element-737dc00 elementor-widget elementor-widget-spacer\" data-id=\"737dc00\" data-element_type=\"widget\" data-e-type=\"widget\" data-widget_type=\"spacer.default\">\n\t\t\t\t<div class=\"elementor-widget-container\">\n\t\t\t\t\t\t\t<div class=\"elementor-spacer\">\n\t\t\t<div class=\"elementor-spacer-inner\"><\/div>\n\t\t<\/div>\n\t\t\t\t\t\t<\/div>\n\t\t\t\t<\/div>\n\t\t\t\t<div class=\"elementor-element elementor-element-7a42a7b elementor-widget elementor-widget-text-editor\" data-id=\"7a42a7b\" data-element_type=\"widget\" data-e-type=\"widget\" data-widget_type=\"text-editor.default\">\n\t\t\t\t<div class=\"elementor-widget-container\">\n\t\t\t\t\t\t\t\t\t<p>Our care and services create a major impact for a number of children from vulnerable milieus. Your donation makes you part of the great circle that protects and cares for these children.<\/p>\n\t\t\t\t\t\t\t\t<\/div>\n\t\t\t\t<\/div>\n\t\t\t\t\t<\/div>\n\t\t<\/div>\n\t\t\t\t<div class=\"elementor-column elementor-col-50 elementor-top-column elementor-element elementor-element-fab6bcc\" data-id=\"fab6bcc\" data-element_type=\"column\" data-e-type=\"column\">\n\t\t\t<div class=\"elementor-widget-wrap elementor-element-populated\">\n\t\t\t\t\t\t<div class=\"elementor-element elementor-element-7c62acc elementor-widget elementor-widget-image\" data-id=\"7c62acc\" data-element_type=\"widget\" data-e-type=\"widget\" data-widget_type=\"image.default\">\n\t\t\t\t<div class=\"elementor-widget-container\">\n\t\t\t\t\t\t\t\t\t\t\t\t\t\t\t<img fetchpriority=\"high\" decoding=\"async\" width=\"768\" height=\"1046\" src=\"https:\/\/garageamusique.org\/wp-content\/uploads\/2022\/11\/iso_groupe_04@0.5x-768x1046.png\" class=\"attachment-medium_large size-medium_large wp-image-1595\" alt=\"\" srcset=\"https:\/\/garageamusique.org\/wp-content\/uploads\/2022\/11\/iso_groupe_04@0.5x-768x1046.png 768w, https:\/\/garageamusique.org\/wp-content\/uploads\/2022\/11\/iso_groupe_04@0.5x-220x300.png 220w, https:\/\/garageamusique.org\/wp-content\/uploads\/2022\/11\/iso_groupe_04@0.5x-752x1024.png 752w, https:\/\/garageamusique.org\/wp-content\/uploads\/2022\/11\/iso_groupe_04@0.5x-1128x1536.png 1128w, https:\/\/garageamusique.org\/wp-content\/uploads\/2022\/11\/iso_groupe_04@0.5x.png 1349w\" sizes=\"(max-width: 768px) 100vw, 768px\" \/>\t\t\t\t\t\t\t\t\t\t\t\t\t\t\t<\/div>\n\t\t\t\t<\/div>\n\t\t\t\t\t<\/div>\n\t\t<\/div>\n\t\t\t\t\t<\/div>\n\t\t<\/section>\n\t\t<div class=\"elementor-element elementor-element-ea47cc7 e-flex e-con-boxed e-con e-parent\" data-id=\"ea47cc7\" data-element_type=\"container\" data-e-type=\"container\" data-settings=\"{&quot;background_background&quot;:&quot;classic&quot;}\">\n\t\t\t\t\t<div class=\"e-con-inner\">\n\t\t<div class=\"elementor-element elementor-element-b0e799a e-con-full e-flex e-con e-parent\" data-id=\"b0e799a\" data-element_type=\"container\" data-e-type=\"container\">\n\t\t\t\t<div class=\"elementor-element elementor-element-322f3d4 elementor-widget elementor-widget-html\" data-id=\"322f3d4\" data-element_type=\"widget\" data-e-type=\"widget\" data-widget_type=\"html.default\">\n\t\t\t\t<div class=\"elementor-widget-container\">\n\t\t\t\t\t<svg xmlns=\"http:\/\/www.w3.org\/2000\/svg\" width=\"186\" height=\"186\" viewbox=\"0 0 186 186\">\n  <g id=\"Group_165\" data-name=\"Group 165\" transform=\"translate(-522.741 168.05)\">\n    <circle id=\"Ellipse_46\" data-name=\"Ellipse 46\" cx=\"92\" cy=\"92\" r=\"92\" transform=\"translate(523.741 -167.05)\" fill=\"none\" stroke=\"#7bbdbd\" stroke-width=\"2\"><\/circle>\n    <path id=\"_93bcfe0fdf05af1fc70630297313ba77\" data-name=\"93bcfe0fdf05af1fc70630297313ba77\" d=\"M46,0A46,46,0,1,0,92,46,46.007,46.007,0,0,0,46,0Zm3.7,83.8a1.952,1.952,0,0,0-.7.1V62.2c5.2-.1,9.9-.2,14.2-.5A57.334,57.334,0,0,1,49.7,83.8Zm-7.4,0A57.8,57.8,0,0,1,28.8,61.7c4.2.3,9,.5,14.2.5V83.9c-.2,0-.4-.1-.7-.1ZM8,46a45.254,45.254,0,0,1,.7-7.4c2.2-.4,6.4-1,12.3-1.6a53.125,53.125,0,0,0-.8,9.1,63.22,63.22,0,0,0,.7,9c-5.8-.6-10.1-1.2-12.3-1.6A63.157,63.157,0,0,1,8,46Zm18.3,0a48.743,48.743,0,0,1,1-9.6c4.6-.3,9.8-.6,15.7-.6V56.2c-5.8-.1-11.1-.3-15.8-.7a55.734,55.734,0,0,1-.9-9.5ZM49.6,8.2A60.941,60.941,0,0,1,63.1,30.3c-4.2-.3-8.9-.5-14.1-.5V8.1c.2,0,.4.1.6.1ZM43,8.1V29.8c-5.2.1-9.9.2-14.1.5A61.129,61.129,0,0,1,42.3,8.2C42.6,8.2,42.8,8.1,43,8.1Zm6,48.1V35.8c5.8.1,11.1.3,15.7.6a48.982,48.982,0,0,1,.1,19.2c-4.6.3-9.9.5-15.8.6ZM70.9,37c5.9.6,10.1,1.2,12.3,1.6A36.457,36.457,0,0,1,84,46a45.254,45.254,0,0,1-.7,7.4c-2.2.4-6.4,1-12.3,1.6a53.314,53.314,0,0,0,.7-9.1A51.681,51.681,0,0,0,70.9,37Zm10.5-4.8c-2.8-.4-6.8-.9-11.9-1.4A65.668,65.668,0,0,0,59.4,10.4,38.111,38.111,0,0,1,81.4,32.2ZM32.6,10.4A61.9,61.9,0,0,0,22.5,30.7c-5,.4-9,1-11.9,1.4a38.515,38.515,0,0,1,22-21.7Zm-22,49.4c2.8.4,6.8.9,11.8,1.4a61.905,61.905,0,0,0,10,20.3A38.465,38.465,0,0,1,10.6,59.8Zm49,21.7a61.294,61.294,0,0,0,10-20.2c5-.4,9-1,11.8-1.4A38.591,38.591,0,0,1,59.6,81.5Z\" transform=\"translate(569.742 -120.668)\" fill=\"#fff\"><\/path>\n  <\/g>\n<\/svg>\n\t\t\t\t<\/div>\n\t\t\t\t<\/div>\n\t\t\t\t<div class=\"elementor-element elementor-element-5cb106f elementor-widget-divider--view-line elementor-widget elementor-widget-divider\" data-id=\"5cb106f\" data-element_type=\"widget\" data-e-type=\"widget\" data-widget_type=\"divider.default\">\n\t\t\t\t<div class=\"elementor-widget-container\">\n\t\t\t\t\t\t\t<div class=\"elementor-divider\">\n\t\t\t<span class=\"elementor-divider-separator\">\n\t\t\t\t\t\t<\/span>\n\t\t<\/div>\n\t\t\t\t\t\t<\/div>\n\t\t\t\t<\/div>\n\t\t\t\t<div class=\"elementor-element elementor-element-e3f3f0c elementor-widget elementor-widget-heading\" data-id=\"e3f3f0c\" data-element_type=\"widget\" data-e-type=\"widget\" data-widget_type=\"heading.default\">\n\t\t\t\t<div class=\"elementor-widget-container\">\n\t\t\t\t\t<h3 class=\"elementor-heading-title elementor-size-default\">Donate online<\/h3>\t\t\t\t<\/div>\n\t\t\t\t<\/div>\n\t\t\t\t<div class=\"elementor-element elementor-element-aca7409 elementor-widget__width-initial elementor-widget elementor-widget-text-editor\" data-id=\"aca7409\" data-element_type=\"widget\" data-e-type=\"widget\" data-widget_type=\"text-editor.default\">\n\t\t\t\t<div class=\"elementor-widget-container\">\n\t\t\t\t\t\t\t\t\t<p>It\u2019s easy to donate online! We accept payments via credit card or e-transfer.<\/p>\n\t\t\t\t\t\t\t\t<\/div>\n\t\t\t\t<\/div>\n\t\t\t\t<div class=\"elementor-element elementor-element-438e670 elementor-widget elementor-widget-button\" data-id=\"438e670\" data-element_type=\"widget\" data-e-type=\"widget\" data-widget_type=\"button.default\">\n\t\t\t\t<div class=\"elementor-widget-container\">\n\t\t\t\t\t\t\t\t\t<div class=\"elementor-button-wrapper\">\n\t\t\t\t\t<a class=\"elementor-button elementor-button-link elementor-size-sm\" href=\"https:\/\/www.zeffy.com\/fr-CA\/donation-form\/soutenez-notre-mission-274\">\n\t\t\t\t\t\t<span class=\"elementor-button-content-wrapper\">\n\t\t\t\t\t\t\t\t\t<span class=\"elementor-button-text\">Make an online donation<\/span>\n\t\t\t\t\t<\/span>\n\t\t\t\t\t<\/a>\n\t\t\t\t<\/div>\n\t\t\t\t\t\t\t\t<\/div>\n\t\t\t\t<\/div>\n\t\t\t\t<\/div>\n\t\t<div class=\"elementor-element elementor-element-596d73c e-con-full e-flex e-con e-parent\" data-id=\"596d73c\" data-element_type=\"container\" data-e-type=\"container\">\n\t\t<div class=\"elementor-element elementor-element-77cb236 e-flex e-con-boxed e-con e-parent\" data-id=\"77cb236\" data-element_type=\"container\" data-e-type=\"container\">\n\t\t\t\t\t<div class=\"e-con-inner\">\n\t\t\t\t<div class=\"elementor-element elementor-element-26389e2 elementor-widget elementor-widget-html\" data-id=\"26389e2\" data-element_type=\"widget\" data-e-type=\"widget\" data-widget_type=\"html.default\">\n\t\t\t\t<div class=\"elementor-widget-container\">\n\t\t\t\t\t<svg xmlns=\"http:\/\/www.w3.org\/2000\/svg\" width=\"186\" height=\"186\" viewbox=\"0 0 186 186\">\n  <g id=\"Group_166\" data-name=\"Group 166\" transform=\"translate(-522.741 168.05)\">\n    <circle id=\"Ellipse_46\" data-name=\"Ellipse 46\" cx=\"92\" cy=\"92\" r=\"92\" transform=\"translate(523.741 -167.05)\" fill=\"none\" stroke=\"#7bbdbd\" stroke-width=\"2\"><\/circle>\n    <path id=\"a5174493c90065d65297280e301443b8\" d=\"M74.363,274.84v32.949a6.659,6.659,0,0,1-6.64,6.64H6.64a6.394,6.394,0,0,1-4.689-1.95A6.393,6.393,0,0,1,0,307.789V274.84a22,22,0,0,0,4.191,3.61q15.022,10.208,20.624,14.317,2.365,1.743,3.839,2.718a23.712,23.712,0,0,0,3.921,1.992,11.959,11.959,0,0,0,4.565,1.017h.083a11.959,11.959,0,0,0,4.565-1.017,23.713,23.713,0,0,0,3.921-1.992q1.473-.975,3.839-2.718,7.055-5.1,20.666-14.317A22.885,22.885,0,0,0,74.363,274.84Zm0-12.2a10.968,10.968,0,0,1-2.033,6.266,19.729,19.729,0,0,1-5.063,5.1q-15.6,10.831-19.421,13.487-.415.29-1.764,1.266t-2.241,1.577q-.892.6-2.158,1.349a12.568,12.568,0,0,1-2.386,1.12,6.594,6.594,0,0,1-2.075.374H37.14a6.594,6.594,0,0,1-2.075-.374,12.568,12.568,0,0,1-2.386-1.12q-1.266-.747-2.158-1.349t-2.241-1.577q-1.349-.975-1.764-1.266-3.776-2.656-10.872-7.573T7.138,274.01a20.6,20.6,0,0,1-4.855-4.793A9.691,9.691,0,0,1,0,263.552a8.376,8.376,0,0,1,1.722-5.395A5.926,5.926,0,0,1,6.64,256H67.724a6.7,6.7,0,0,1,6.64,6.64Z\" transform=\"translate(578.561 -360.265)\" fill=\"#fff\"><\/path>\n  <\/g>\n<\/svg>\n\t\t\t\t<\/div>\n\t\t\t\t<\/div>\n\t\t\t\t<div class=\"elementor-element elementor-element-825d809 elementor-widget-divider--view-line elementor-widget elementor-widget-divider\" data-id=\"825d809\" data-element_type=\"widget\" data-e-type=\"widget\" data-widget_type=\"divider.default\">\n\t\t\t\t<div class=\"elementor-widget-container\">\n\t\t\t\t\t\t\t<div class=\"elementor-divider\">\n\t\t\t<span class=\"elementor-divider-separator\">\n\t\t\t\t\t\t<\/span>\n\t\t<\/div>\n\t\t\t\t\t\t<\/div>\n\t\t\t\t<\/div>\n\t\t\t\t<div class=\"elementor-element elementor-element-beb0df7 elementor-widget elementor-widget-heading\" data-id=\"beb0df7\" data-element_type=\"widget\" data-e-type=\"widget\" data-widget_type=\"heading.default\">\n\t\t\t\t<div class=\"elementor-widget-container\">\n\t\t\t\t\t<h3 class=\"elementor-heading-title elementor-size-default\">Donate by mail<\/h3>\t\t\t\t<\/div>\n\t\t\t\t<\/div>\n\t\t\t\t<div class=\"elementor-element elementor-element-861a8f3 elementor-widget elementor-widget-text-editor\" data-id=\"861a8f3\" data-element_type=\"widget\" data-e-type=\"widget\" data-widget_type=\"text-editor.default\">\n\t\t\t\t<div class=\"elementor-widget-container\">\n\t\t\t\t\t\t\t\t\t<p>Make your cheque out to:<\/p>\n\t\t\t\t\t\t\t\t<\/div>\n\t\t\t\t<\/div>\n\t\t\t\t<div class=\"elementor-element elementor-element-5ad1655 elementor-widget elementor-widget-text-editor\" data-id=\"5ad1655\" data-element_type=\"widget\" data-e-type=\"widget\" data-widget_type=\"text-editor.default\">\n\t\t\t\t<div class=\"elementor-widget-container\">\n\t\t\t\t\t\t\t\t\t<p>Garage \u00e0 Musique \u2013 centre sp\u00e9cialis\u00e9 de p\u00e9diatrie sociale<\/p>\n\t\t\t\t\t\t\t\t<\/div>\n\t\t\t\t<\/div>\n\t\t\t\t<div class=\"elementor-element elementor-element-9c068b7 elementor-widget elementor-widget-text-editor\" data-id=\"9c068b7\" data-element_type=\"widget\" data-e-type=\"widget\" data-widget_type=\"text-editor.default\">\n\t\t\t\t<div class=\"elementor-widget-container\">\n\t\t\t\t\t\t\t\t\t<p>Send it to:<\/p>\n\t\t\t\t\t\t\t\t<\/div>\n\t\t\t\t<\/div>\n\t\t\t\t<div class=\"elementor-element elementor-element-9e9a0f3 elementor-widget elementor-widget-text-editor\" data-id=\"9e9a0f3\" data-element_type=\"widget\" data-e-type=\"widget\" data-widget_type=\"text-editor.default\">\n\t\t\t\t<div class=\"elementor-widget-container\">\n\t\t\t\t\t\t\t\t\t<p>Garage \u00e0 Musique \u2013 centre sp\u00e9cialis\u00e9 de p\u00e9diatrie sociale<br \/>2080 Bennett Avenue, Montreal, QC H1V 3S6<\/p>\n<p>Please give us your complete contact information so we can send you your tax receipt (address, email and telephone) from the Fondation Dr Julien.<\/p>\n\t\t\t\t\t\t\t\t<\/div>\n\t\t\t\t<\/div>\n\t\t\t\t\t<\/div>\n\t\t\t\t<\/div>\n\t\t\t\t<\/div>\n\t\t\t\t\t<\/div>\n\t\t\t\t<\/div>\n\t\t<div class=\"elementor-element elementor-element-4b09857 e-flex e-con-boxed e-con e-parent\" data-id=\"4b09857\" data-element_type=\"container\" data-e-type=\"container\" data-settings=\"{&quot;background_background&quot;:&quot;classic&quot;}\">\n\t\t\t\t\t<div class=\"e-con-inner\">\n\t\t\t\t<div class=\"elementor-element elementor-element-e01014c elementor-widget elementor-widget-text-editor\" data-id=\"e01014c\" data-element_type=\"widget\" data-e-type=\"widget\" data-widget_type=\"text-editor.default\">\n\t\t\t\t<div class=\"elementor-widget-container\">\n\t\t\t\t\t\t\t\t\t<p>The Fondation Dr Julien will issue a tax receipt for all donations of $20 or more.<br \/>Registered charitable organization number: coming.<\/p>\n\t\t\t\t\t\t\t\t<\/div>\n\t\t\t\t<\/div>\n\t\t\t\t\t<\/div>\n\t\t\t\t<\/div>\n\t\t<div class=\"elementor-element elementor-element-6c6e7bb e-flex e-con-boxed e-con e-parent\" data-id=\"6c6e7bb\" data-element_type=\"container\" data-e-type=\"container\" data-settings=\"{&quot;background_background&quot;:&quot;classic&quot;}\">\n\t\t\t\t\t<div class=\"e-con-inner\">\n\t\t<div class=\"elementor-element elementor-element-bcd0db0 e-con-full e-flex e-con e-parent\" data-id=\"bcd0db0\" data-element_type=\"container\" data-e-type=\"container\">\n\t\t<div class=\"elementor-element elementor-element-1b01353 e-con-full e-flex e-con e-parent\" data-id=\"1b01353\" data-element_type=\"container\" data-e-type=\"container\">\n\t\t\t\t<div class=\"elementor-element elementor-element-d406038 elementor-widget elementor-widget-html\" data-id=\"d406038\" data-element_type=\"widget\" data-e-type=\"widget\" data-widget_type=\"html.default\">\n\t\t\t\t<div class=\"elementor-widget-container\">\n\t\t\t\t\t<svg xmlns=\"http:\/\/www.w3.org\/2000\/svg\" width=\"186\" height=\"186\" viewbox=\"0 0 186 186\">\n  <g id=\"Group_168\" data-name=\"Group 168\" transform=\"translate(-522.741 168.05)\">\n    <circle id=\"Ellipse_46\" data-name=\"Ellipse 46\" cx=\"92\" cy=\"92\" r=\"92\" transform=\"translate(523.741 -167.05)\" fill=\"none\" stroke=\"#eb7571\" stroke-width=\"2\"><\/circle>\n    <path id=\"f1650dfe6526be52b7d6abb8694b9eaa\" d=\"M31.323,91.106a8.146,8.146,0,1,0,8.146-8.146,8.146,8.146,0,0,0-8.146,8.146Zm22.5-30.749C65.283,54.046,71.1,44.9,71.1,33.167,71.1,13.024,55.215,4,39.469,4,24.134,4,7.834,15.143,7.834,35.8a7.909,7.909,0,0,0,15.817,0c0-10.985,8.2-15.983,15.817-15.983,5.908,0,15.817,1.732,15.817,13.35,0,4.12-1.083,8.929-9.087,13.342C40.758,49.491,31.56,57.233,31.56,67.27a7.909,7.909,0,1,0,15.817,0c0-1.471,3.124-5.085,6.446-6.912Z\" transform=\"translate(576.273 -126.677)\" fill=\"#fff\"><\/path>\n  <\/g>\n<\/svg>\n\t\t\t\t<\/div>\n\t\t\t\t<\/div>\n\t\t\t\t<\/div>\n\t\t<div class=\"elementor-element elementor-element-0596c8c e-con-full e-flex e-con e-parent\" data-id=\"0596c8c\" data-element_type=\"container\" data-e-type=\"container\">\n\t\t\t\t<div class=\"elementor-element elementor-element-d033313 elementor-widget elementor-widget-text-editor\" data-id=\"d033313\" data-element_type=\"widget\" data-e-type=\"widget\" data-widget_type=\"text-editor.default\">\n\t\t\t\t<div class=\"elementor-widget-container\">\n\t\t\t\t\t\t\t\t\t<p>QUESTIONS ABOUT DONATIONS?<\/p>\n\t\t\t\t\t\t\t\t<\/div>\n\t\t\t\t<\/div>\n\t\t\t\t<div class=\"elementor-element elementor-element-25e95a3 elementor-widget elementor-widget-text-editor\" data-id=\"25e95a3\" data-element_type=\"widget\" data-e-type=\"widget\" data-widget_type=\"text-editor.default\">\n\t\t\t\t<div class=\"elementor-widget-container\">\n\t\t\t\t\t\t\t\t\t<p>Contact:<br \/>Carole Vermette<br \/><a href=\"tel:+15145273777\">(514) 527-3777<\/a><br \/><a href=\"mailto:cvermette@fondationdrjulien.org\">cvermette@fondationdrjulien.org<\/a><\/p>\n\t\t\t\t\t\t\t\t<\/div>\n\t\t\t\t<\/div>\n\t\t\t\t<\/div>\n\t\t\t\t<\/div>\n\t\t\t\t\t<\/div>\n\t\t\t\t<\/div>\n\t\t\t\t<\/div>\n\t\t","protected":false},"excerpt":{"rendered":"<p>With your donations, we can obtain and maintain the human and material resources we need to continue to care for, equip and coach over 700 children a week. Our care [&hellip;]<\/p>\n","protected":false},"author":1,"featured_media":0,"parent":0,"menu_order":0,"comment_status":"closed","ping_status":"closed","template":"","meta":{"_price":"","_stock":"","_tribe_ticket_header":"","_tribe_default_ticket_provider":"","_tribe_ticket_capacity":"0","_ticket_start_date":"","_ticket_end_date":"","_tribe_ticket_show_description":"","_tribe_ticket_show_not_going":false,"_tribe_ticket_use_global_stock":"","_tribe_ticket_global_stock_level":"","_global_stock_mode":"","_global_stock_cap":"","_tribe_rsvp_for_event":"","_tribe_ticket_going_count":"","_tribe_ticket_not_going_count":"","_tribe_tickets_list":"[]","_tribe_ticket_has_attendee_info_fields":false,"_jf_limit_responses":"","footnotes":"","_tec_slr_enabled":"","_tec_slr_layout":""},"class_list":["post-1623","page","type-page","status-publish","hentry"],"ticketed":false,"_links":{"self":[{"href":"https:\/\/garageamusique.org\/en\/wp-json\/wp\/v2\/pages\/1623","targetHints":{"allow":["GET"]}}],"collection":[{"href":"https:\/\/garageamusique.org\/en\/wp-json\/wp\/v2\/pages"}],"about":[{"href":"https:\/\/garageamusique.org\/en\/wp-json\/wp\/v2\/types\/page"}],"author":[{"embeddable":true,"href":"https:\/\/garageamusique.org\/en\/wp-json\/wp\/v2\/users\/1"}],"replies":[{"embeddable":true,"href":"https:\/\/garageamusique.org\/en\/wp-json\/wp\/v2\/comments?post=1623"}],"version-history":[{"count":3,"href":"https:\/\/garageamusique.org\/en\/wp-json\/wp\/v2\/pages\/1623\/revisions"}],"predecessor-version":[{"id":1626,"href":"https:\/\/garageamusique.org\/en\/wp-json\/wp\/v2\/pages\/1623\/revisions\/1626"}],"wp:attachment":[{"href":"https:\/\/garageamusique.org\/en\/wp-json\/wp\/v2\/media?parent=1623"}],"curies":[{"name":"wp","href":"https:\/\/api.w.org\/{rel}","templated":true}]}}